{"id":2,"date":"2021-01-20T20:34:54","date_gmt":"2021-01-20T20:34:54","guid":{"rendered":"http:\/\/mariachi.tech\/?page_id=2"},"modified":"2021-03-11T22:22:39","modified_gmt":"2021-03-11T22:22:39","slug":"sample-page","status":"publish","type":"page","link":"https:\/\/mariachi.tech\/?page_id=2","title":{"rendered":"Sobre m\u00ed"},"content":{"rendered":"\n<div class=\"wp-block-image is-style-rounded\"><figure class=\"aligncenter size-large is-resized\"><img loading=\"lazy\" decoding=\"async\" src=\"https:\/\/mariachi.tech\/wp-content\/uploads\/2021\/02\/1589401740108.png\" alt=\"\" class=\"wp-image-139\" width=\"200\" height=\"200\" srcset=\"https:\/\/mariachi.tech\/wp-content\/uploads\/2021\/02\/1589401740108.png 800w, https:\/\/mariachi.tech\/wp-content\/uploads\/2021\/02\/1589401740108-300x300.png 300w, https:\/\/mariachi.tech\/wp-content\/uploads\/2021\/02\/1589401740108-150x150.png 150w, https:\/\/mariachi.tech\/wp-content\/uploads\/2021\/02\/1589401740108-768x768.png 768w, https:\/\/mariachi.tech\/wp-content\/uploads\/2021\/02\/1589401740108-24x24.png 24w, https:\/\/mariachi.tech\/wp-content\/uploads\/2021\/02\/1589401740108-36x36.png 36w, https:\/\/mariachi.tech\/wp-content\/uploads\/2021\/02\/1589401740108-48x48.png 48w\" sizes=\"auto, (max-width: 200px) 100vw, 200px\" \/><\/figure><\/div>\n\n\n\n<p>Con m\u00e1s de 10 a\u00f1os de experiencia como Ingeniero Preventa en diferentes canales y dise\u00f1ando con diferentes marcas, adem\u00e1s de una etapa alocada como Auditor de TI en una &#8220;Big Four&#8221;. <\/p>\n\n\n\n<p>Hac\u00eda tiempo que deseaba canalizar y de cierta manera regresar un poco de lo que he aprendido a lo largo del tiempo; <a href=\"#\">mariachi_tech<\/a> nace con esa intenci\u00f3n: fomentar la cultura de compartir conocimiento con la comunidad TI, sin importar pa\u00eds o idioma (aunque este blog est\u00e9 escrito en espa\u00f1ol).<\/p>\n\n\n\n<p>\u00bfPor qu\u00e9 el nombre de <a href=\"#\">mariachi_tech<\/a>? Porque el mariachi es como m\u00fasica regional, uno de los <a href=\"https:\/\/ich.unesco.org\/es\/RL\/el-mariachi-musica-de-cuerdas-canto-y-trompeta-00575\" target=\"_blank\" rel=\"noreferrer noopener\">Patrimonios Culturales Inmateriales de la Humanidad<\/a> m\u00e1s representativos de M\u00e9xico (mi pa\u00eds); adem\u00e1s de que ya se ha extendido a Estados Unidos y a otras partes del mundo donde se pueden encontrar decenas de agrupaciones de este g\u00e9nero.<\/p>\n\n\n\n<p>\u00bfLo has notado? Efectivamente, este blog si bien est\u00e1 100% orientado a temas de tecnolog\u00eda, no escatimar\u00e1 en meter alg\u00fan dato o referencia al mariachi.<\/p>\n\n\n\n<p>Agradezco el que hayas entrado a mi blog esperando que lo encuentres \u00fatil.<\/p>\n\n\n\n<p>\u00a1As\u00ed que a darle!<\/p>\n","protected":false},"excerpt":{"rendered":"<p>Con m\u00e1s de 10 a\u00f1os de experiencia como Ingeniero Preventa en diferentes canales y dise\u00f1ando con diferentes marcas, adem\u00e1s de una etapa alocada como Auditor&hellip;<\/p>\n","protected":false},"author":2,"featured_media":0,"parent":0,"menu_order":0,"comment_status":"closed","ping_status":"open","template":"","meta":{"footnotes":""},"class_list":["post-2","page","type-page","status-publish","hentry"],"jetpack_sharing_enabled":true,"_links":{"self":[{"href":"https:\/\/mariachi.tech\/index.php?rest_route=\/wp\/v2\/pages\/2","targetHints":{"allow":["GET"]}}],"collection":[{"href":"https:\/\/mariachi.tech\/index.php?rest_route=\/wp\/v2\/pages"}],"about":[{"href":"https:\/\/mariachi.tech\/index.php?rest_route=\/wp\/v2\/types\/page"}],"author":[{"embeddable":true,"href":"https:\/\/mariachi.tech\/index.php?rest_route=\/wp\/v2\/users\/2"}],"replies":[{"embeddable":true,"href":"https:\/\/mariachi.tech\/index.php?rest_route=%2Fwp%2Fv2%2Fcomments&post=2"}],"version-history":[{"count":4,"href":"https:\/\/mariachi.tech\/index.php?rest_route=\/wp\/v2\/pages\/2\/revisions"}],"predecessor-version":[{"id":355,"href":"https:\/\/mariachi.tech\/index.php?rest_route=\/wp\/v2\/pages\/2\/revisions\/355"}],"wp:attachment":[{"href":"https:\/\/mariachi.tech\/index.php?rest_route=%2Fwp%2Fv2%2Fmedia&parent=2"}],"curies":[{"name":"wp","href":"https:\/\/api.w.org\/{rel}","templated":true}]}}